{"id":818,"date":"2022-07-19T08:14:52","date_gmt":"2022-07-19T08:14:52","guid":{"rendered":"http:\/\/savinyadesconvent.com\/cookies\/"},"modified":"2022-07-20T14:35:15","modified_gmt":"2022-07-20T14:35:15","slug":"cookies","status":"publish","type":"page","link":"https:\/\/savinyadesconvent.com\/en\/cookies\/","title":{"rendered":"Pol\u00edtica de cookies"},"content":{"rendered":"<p>La empresa titular del sitio Web EXPLOTACI\u00d3N HOTELERA CALA MILLOR, S.L. le informa acerca del uso de las cookies en el presente sitio Web:<\/p>\n<p><strong>\u00a0<\/strong>Las cookies son archivos que se pueden descargar en su equipo a trav\u00e9s de las p\u00e1ginas Web que visita. Son herramientas que tienen un papel esencial para la prestaci\u00f3n de numerosos servicios de la sociedad de la informaci\u00f3n. (servicios en internet)<\/p>\n<p><u>Tipos de cookies seg\u00fan dictamen 4\/2012 del GT29<\/u><\/p>\n<p>Exceptuadas: (no es necesario que sean aceptadas, pero s\u00ed se recomienda su informaci\u00f3n)<\/p>\n<p>Cookies de entrada de usuario.<\/p>\n<p>Cookies de identificaci\u00f3n o autenticaci\u00f3n del usuario. (\u00fanicamente de sesi\u00f3n).<\/p>\n<p>Cookies de seguridad del usuario. (los que han sido solicitados por el usuario)<\/p>\n<p>Cookies de reproductor multimedia. (estrictamente necesario para reproducir contenido)<\/p>\n<p>Cookies de sesi\u00f3n para equilibrar la carga.<\/p>\n<p>Cookies de personalizaci\u00f3n de la interfaz de usuario.<\/p>\n<p>Cookies de complemento (plug-in) para intercambiar contenidos sociales<\/p>\n<p>Por lo tanto, este sitio Web utiliza cookies de este tipo, que permiten el funcionamiento y la prestaci\u00f3n del servicio.<\/p>\n<p>No exceptuadas: (es necesario el consentimiento)<\/p>\n<p>El resto de cookies.<\/p>\n<p><strong>TIPOS DE COOKIES<\/strong><\/p>\n<p><u>Cookies seg\u00fan entidad que las gestione:<\/u><\/p>\n<p>Cookies propias: Se env\u00edan al equipo del usuario desde un equipo o dominio gestionado por el propio editor y desde el que se presta el servicio solicitado por el usuario.<\/p>\n<p>Cookies de terceros: Se env\u00edan al equipo terminal del usuario desde un equipo o dominio que es gestionado por otra entidad que trata los datos obtenidos a trav\u00e9s de las cookies.<\/p>\n<p>Si acepta las cookies de terceros y desea eliminarlas, deber\u00e1 hacerlo, desde las opciones del navegador o desde el sistema ofrecido por el tercero.<\/p>\n<p><u>Cookies seg\u00fan el tiempo que permanecen activadas<\/u>:<\/p>\n<p>Cookies de sesi\u00f3n: Recaban y almacenan datos, mientras el usuario accede a la p\u00e1gina web.<\/p>\n<p>Cookies persistentes: Son un tipo de cookies en el que los datos siguen almacenados en el terminal y pueden ser accedidos y tratados durante un per\u00edodo definido por el responsable de la cookie y que puede ir de unos minutos a varios a\u00f1os.<\/p>\n<p>En este \u00faltimo caso, cuando se instalen cookies persistentes, se reducir\u00e1 al m\u00ednimo necesario su duraci\u00f3n en el tiempo, teniendo en cuenta la finalidad de su uso.<\/p>\n<p><u>\u00a0<\/u><\/p>\n<p><u>Cookies seg\u00fan finalidad:<\/u><\/p>\n<p><u>\u00a0<\/u><\/p>\n<p>Cookies t\u00e9cnicas: Son aquellas que permiten al usuario la navegaci\u00f3n a trav\u00e9s de una p\u00e1gina web, plataforma o aplicaci\u00f3n y la utilizaci\u00f3n de las diferentes opciones o servicios que en ella existan incluyendo aquellas en que el editor utiliza para permitir la gesti\u00f3n y operativa de la p\u00e1gina web y habilitar sus funciones y servicios.<\/p>\n<p>Cookies de an\u00e1lisis: Son aquellas que, bien tratadas por el titular del sitio, o por terceros, permiten cuantificar el n\u00famero de usuarios y as\u00ed realizar la medici\u00f3n y an\u00e1lisis estad\u00edstico de la utilizaci\u00f3n, que hacen los usuarios del servicio ofertado.<\/p>\n<p>Para ello, se analiza su navegaci\u00f3n en la p\u00e1gina web, con el fin de mejorar la oferta de productos o servicios que le ofrecemos.<\/p>\n<p>Cookies de preferencias o personalizaci\u00f3n: Permiten recordar informaci\u00f3n para que el Usuario acceda al servicio con determinadas caracter\u00edsticas que pueden diferenciar su experiencia de la de otros usuarios, en funci\u00f3n del tipo de navegador o regi\u00f3n donde accede, etc. (Por ejemplo, el idioma)<\/p>\n<p>Cookies de publicidad comportamental: Almacenan informaci\u00f3n del comportamiento de usuarios, obtenida a trav\u00e9s de la observaci\u00f3n continuada, de sus h\u00e1bitos de navegaci\u00f3n, lo que permite desarrollar un perfil espec\u00edfico para mostrar publicidad en funci\u00f3n del mismo.<\/p>\n<p><em><u>Ejemplos:<\/u><\/em><\/p>\n<p>El presente sitio Web utiliza\u00a0Google Analytics, un servicio de anal\u00edtica Web desarrollado por Google, Inc. con domicilio en los Estados Unidos y sede central en 1600 Amphitheatre Parkway, Mountain View, California 94043.\u00a0 Para la prestaci\u00f3n de estos servicios, se\u00a0utilizan cookies que recopilan la informaci\u00f3n, incluida la direcci\u00f3n IP del Usuario, que ser\u00e1\u00a0transmitida, tratada y almacenada por\u00a0Google\u00a0en los t\u00e9rminos fijados. Incluyendo la posible\u00a0transmisi\u00f3n de dicha informaci\u00f3n a terceros por razones de exigencia legal o cuando dichos terceros\u00a0procesen la informaci\u00f3n por cuenta de Google.<\/p>\n<p>A trav\u00e9s de la anal\u00edtica web se obtiene informaci\u00f3n relativa al n\u00famero de Usuarios que acceden a la web, el n\u00famero de p\u00e1ginas vistas, la frecuencia y repetici\u00f3n de las visitas, su duraci\u00f3n, el navegador utilizado, el operador que presta el servicio, el idioma, el terminal que utiliza, o la ciudad a la que est\u00e1 asignada su direcci\u00f3n IP. Informaci\u00f3n que posibilita un mejor y m\u00e1s apropiado servicio por parte de este sitio Web.<\/p>\n<p><strong>Terceros que prestan servicio<\/strong><\/p>\n<p>En concreto los terceros con los que se ha gestionado alg\u00fan servicio para el que es necesaria la utilizaci\u00f3n de cookies son:<\/p>\n<table width=\"83%\">\n<tbody>\n<tr>\n<td width=\"17%\">NOMBRE DE PROVEEDOR<\/td>\n<td width=\"16%\">FINALIDAD COOKIE<\/td>\n<td width=\"65%\">M\u00c1S INFORMACI\u00d3N EN<\/td>\n<\/tr>\n<tr>\n<td width=\"17%\">Google analytics<\/td>\n<td width=\"16%\">Anal\u00edtica Web<\/td>\n<td width=\"65%\"><a href=\"http:\/\/www.google.com\/intl\/en\/policies\/privacy\/\">http:\/\/www.google.com\/intl\/en\/policies\/privacy\/<\/a><\/td>\n<\/tr>\n<tr>\n<td width=\"17%\"><\/td>\n<td width=\"16%\"><\/td>\n<td width=\"65%\"><\/td>\n<\/tr>\n<tr>\n<td width=\"17%\"><\/td>\n<td width=\"16%\"><\/td>\n<td width=\"65%\"><\/td>\n<\/tr>\n<tr>\n<td width=\"17%\"><\/td>\n<td width=\"16%\"><\/td>\n<td width=\"65%\"><\/td>\n<\/tr>\n<\/tbody>\n<\/table>\n<p><strong>\u00a0<\/strong><\/p>\n<p><strong>Aceptaci\u00f3n de la Pol\u00edtica de cookies<\/strong><\/p>\n<p>La empresa muestra informaci\u00f3n sobre su Pol\u00edtica de cookies en cualquier p\u00e1gina del sitio Web con cada inicio de sesi\u00f3n con el objeto de que usted sea consciente.<\/p>\n<p>Ante esta informaci\u00f3n es posible llevar a cabo las siguientes acciones:<\/p>\n<ul>\n<li><strong>Aceptar cookies.\u00a0<\/strong>No se volver\u00e1 a visualizar este aviso al acceder a cualquier p\u00e1gina del sitio Web durante la presente sesi\u00f3n.<\/li>\n<li><strong>Configuraci\u00f3n:\u00a0<\/strong>Podr\u00e1 modificar la configuraci\u00f3n de las cookies y\/o rechazarlas<\/li>\n<\/ul>\n","protected":false},"excerpt":{"rendered":"<p>La empresa titular del sitio Web EXPLOTACI\u00d3N HOTELERA CALA MILLOR, S.L. le informa acerca del uso de las cookies en el presente sitio Web: \u00a0Las cookies son archivos que se&#8230;<\/p>\n","protected":false},"author":1,"featured_media":0,"parent":0,"menu_order":0,"comment_status":"closed","ping_status":"closed","template":"","meta":{"footnotes":""},"class_list":["post-818","page","type-page","status-publish"],"aioseo_notices":[],"_links":{"self":[{"href":"https:\/\/savinyadesconvent.com\/en\/wp-json\/wp\/v2\/pages\/818","targetHints":{"allow":["GET"]}}],"collection":[{"href":"https:\/\/savinyadesconvent.com\/en\/wp-json\/wp\/v2\/pages"}],"about":[{"href":"https:\/\/savinyadesconvent.com\/en\/wp-json\/wp\/v2\/types\/page"}],"author":[{"embeddable":true,"href":"https:\/\/savinyadesconvent.com\/en\/wp-json\/wp\/v2\/users\/1"}],"replies":[{"embeddable":true,"href":"https:\/\/savinyadesconvent.com\/en\/wp-json\/wp\/v2\/comments?post=818"}],"version-history":[{"count":1,"href":"https:\/\/savinyadesconvent.com\/en\/wp-json\/wp\/v2\/pages\/818\/revisions"}],"predecessor-version":[{"id":990,"href":"https:\/\/savinyadesconvent.com\/en\/wp-json\/wp\/v2\/pages\/818\/revisions\/990"}],"wp:attachment":[{"href":"https:\/\/savinyadesconvent.com\/en\/wp-json\/wp\/v2\/media?parent=818"}],"curies":[{"name":"wp","href":"https:\/\/api.w.org\/{rel}","templated":true}]}}