{"id":817,"date":"2022-07-19T08:13:56","date_gmt":"2022-07-19T08:13:56","guid":{"rendered":"http:\/\/savinyadesconvent.com\/aviso-legal\/"},"modified":"2022-07-20T14:34:40","modified_gmt":"2022-07-20T14:34:40","slug":"aviso-legal","status":"publish","type":"page","link":"https:\/\/savinyadesconvent.com\/de\/aviso-legal\/","title":{"rendered":"Aviso legal"},"content":{"rendered":"<p>La empresa Titular del sitio Web es EXPLOTACI\u00d3N HOTELERA CALA MILLOR, S.L. \u00a0con CIF B07676836 y con domicilio en Carretera de Sineu s\/n, 07300 Inca, Baleares.<\/p>\n<p><strong>\u00a0<\/strong><\/p>\n<p><strong>Datos de inscripci\u00f3n en el Registro<\/strong><\/p>\n<p><strong>\u00a0<\/strong><\/p>\n<ul>\n<li>Registro Mercantil de Baleares, Folio \u2026, Tomo \u2026, Libro .., Secci\u00f3n .., Hoja PM-\u2026, Inscripci\u00f3n &#8230; y \u00a0n\u00famero de registro hotelero<\/li>\n<\/ul>\n<ol>\n<li><strong>NORMATIVAS VINCULADAS<\/strong><\/li>\n<\/ol>\n<p><strong>\u00a0<\/strong><\/p>\n<p>El presente Aviso Legal est\u00e1 sujeto a lo dispuesto en la Ley Org\u00e1nica 03\/2018, de 05 de diciembre, Reglamento UE 2016\/679 del Parlamento Europeo y del Consejo de 27 de abril de 2016 relativo a la protecci\u00f3n de las personas f\u00edsicas en lo que respecta al tratamiento de datos personales y a la Ley 34\/2002 de 11 de julio, de Servicios de la Sociedad de la Informaci\u00f3n y de Comercio Electr\u00f3nico, \u00a0Ley 9\/2014, de 9 de mayo, disposici\u00f3n final segunda por el que modifica los art\u00edculos 10,18,20,21,22,35,37,38,39,40 y 43 de la Ley 34\/2002 de 11 de julio,\u00a0 Real Decreto Ley 7\/2021 por el que se modifican y a\u00f1aden art\u00edculos a la Ley\u00a0 para la defensa de Consumidores y Usuarios y el Real Decreto-ley 13\/2012, de 30 de marzo, por el que se transponen directivas en materia de mercados interiores de electricidad y gas y en materia de comunicaciones electr\u00f3nicas, y por el que se adoptan medidas para la correcci\u00f3n de las desviaciones por desajustes entre los costes e ingresos de los sectores el\u00e9ctrico y gasista, as\u00ed como cualquier normativa posterior que las modifican o desarrollan.<\/p>\n<ol start=\"2\">\n<li><strong>USUARIOS<\/strong><\/li>\n<\/ol>\n<p>El acceso y\/o uso de este sitio Web le atribuye la condici\u00f3n de USUARIO, que debe aceptar las Condiciones Generales de Uso y de la Pol\u00edtica de Privacidad aqu\u00ed reflejadas. \u00a0Cualquier persona que no acepte estas condiciones deber\u00e1 abstenerse de utilizar el Sitio Web. \u00a0Las citadas Condiciones ser\u00e1n de aplicaci\u00f3n independientemente de las Condiciones Generales de Contrataci\u00f3n que en su caso resulten de obligado cumplimiento.<\/p>\n<ol start=\"3\">\n<li><strong>USO DEL SITIO WEB<\/strong><\/li>\n<\/ol>\n<p>El acceso y uso del sitio Web y todos los subdominios y directorios incluidos bajo la misma, as\u00ed como los servicios o contenidos que a trav\u00e9s de \u00e9l se puedan obtener bajo su titularidad, est\u00e1n sujetos a los t\u00e9rminos que se detallan en este Aviso Legal, sin perjuicio de que el acceso a alguno de dichos servicios o contenidos pudieran precisar de la aceptaci\u00f3n de unas Condiciones Generales particulares adicionales.<\/p>\n<p>Por ello, si las consideraciones detalladas en este Aviso Legal no son de su conformidad, rogamos no haga uso del Sitio Web, ya que cualquier uso que haga del mismo o de los servicios y contenidos en \u00e9l incluidos implicar\u00e1 la aceptaci\u00f3n de los t\u00e9rminos legales recogidos en este texto.<\/p>\n<ol start=\"4\">\n<li><strong>DERECHOS DE PROPIEDAD INTELECTUAL E INDUSTRIAL<\/strong><\/li>\n<\/ol>\n<p>Tanto el dise\u00f1o de sitio Web de su titularidad y sus c\u00f3digos fuente, como los logos, marcas, y dem\u00e1s signos distintivos que aparecen en el mismo, pertenecen a La empresa Titular o entidades colaboradoras y est\u00e1n protegidos por los correspondientes derechos de propiedad intelectual e industrial. Igualmente est\u00e1n protegidos por los correspondientes derechos de propiedad intelectual e industrial las im\u00e1genes y dem\u00e1s contenidos incluidos en el servidor.<\/p>\n<p>Su uso, reproducci\u00f3n, distribuci\u00f3n, comunicaci\u00f3n p\u00fablica, modificaci\u00f3n o cualquier otra actividad similar o an\u00e1loga, queda totalmente prohibida salvo con la autorizaci\u00f3n expresa del titular. La licencia de uso de cualquier contenido de este Sitio Web otorgada al Usuario se limita a la descarga por parte del Usuario de dicho contenido y el uso privado del mismo, siempre que los citados contenidos permanezcan \u00edntegros.<\/p>\n<p>La empresa Titular declara su respeto a los derechos de propiedad intelectual e industrial de terceros; por ello, si considera que este sitio pudiera estar violando sus derechos, rogamos se ponga en contacto.<\/p>\n<p>Los Usuarios que env\u00eden al Sitio Web comentarios y\/u opiniones a trav\u00e9s del correo electr\u00f3nico o cualquier otro medio, como por ejemplo en servicios como \u201cdeja tu comentario\u201d o blogs, en el caso de existir, dan autorizaci\u00f3n al Titular a la reproducci\u00f3n, comunicaci\u00f3n y cualquier derecho de explotaci\u00f3n sin limitaci\u00f3n territorial. Asimismo, puede eliminar el comentario y\/u opini\u00f3n en caso de considerarlo ofensivo.<\/p>\n<ol start=\"5\">\n<li><strong>EXCLUSI\u00d3N DE GARANT\u00cdAS Y RESPONSABILIDAD<\/strong><\/li>\n<\/ol>\n<p>La empresa Titular no se hace responsable, en ning\u00fan caso, de los da\u00f1os y perjuicios de cualquier naturaleza que pudieran ocasionar, a t\u00edtulo enunciativo, errores u omisiones en los contenidos, falta de disponibilidad del sitio Web o la transmisi\u00f3n de virus o programas maliciosos o lesivos en los contenidos, a pesar de haber adoptado todas las medidas tecnol\u00f3gicas necesarias para evitarlo.<\/p>\n<p>La empresa Titular puede proporcionarle, acceso a sitios web de terceros mediante enlaces. Estos enlaces a otros sitios web est\u00e1n fuera de control de La empresa Titular por lo que no se hace responsable del contenido, informaciones o servicios que pudieran aparecer.<\/p>\n<p>La empresa Titular tampoco se hace responsable de las infracciones realizadas por Usuarios de web que afecten a terceros.<\/p>\n<p><strong>\u00a0<\/strong><\/p>\n<ol start=\"6\">\n<li><strong>MODIFICACIONES<\/strong><\/li>\n<\/ol>\n<p>La empresa Titular se reserva el derecho a realizar cambios en el Sitio Web\u00a0del que es titular sin previo aviso, con el objeto de actualizar, corregir, modificar, a\u00f1adir o eliminar los contenidos del sitio Web o de su dise\u00f1o. Los contenidos y servicios que ofrece el sitio Web se actualizan peri\u00f3dicamente. Debido a que la actualizaci\u00f3n de la informaci\u00f3n no es inmediata, le sugerimos que compruebe siempre la vigencia y exactitud de la informaci\u00f3n, servicios y contenidos recogidos en los mismos.<\/p>\n<ol start=\"7\">\n<li><strong>DERECHO DE EXCLUSI\u00d3N<\/strong><\/li>\n<\/ol>\n<p>La empresa Titular se reserva el derecho a denegar o retirar el acceso al sitio Web y\/o los servicios ofrecidos sin necesidad de preaviso, a instancia propia o de un tercero, a aquellos Usuarios que incumplan las presentes Condiciones Generales de Uso.<\/p>\n<p><strong>\u00a0<\/strong><\/p>\n<ol start=\"8\">\n<li><strong>GENERALIDADES<\/strong><\/li>\n<\/ol>\n<p>La empresa Titular perseguir\u00e1 el incumplimiento de las presentes condiciones, as\u00ed como cualquier utilizaci\u00f3n indebida de su sitio Web ejerciendo todas las acciones civiles y penales que le puedan corresponder en derecho.<\/p>\n<ol start=\"9\">\n<li><strong>MODIFICACI\u00d3N DE LAS PRESENTES CONDICIONES Y DURACI\u00d3N<\/strong><\/li>\n<\/ol>\n<p>La empresa Titular podr\u00e1 modificar en cualquier momento las condiciones aqu\u00ed determinadas, siendo debidamente publicadas como aqu\u00ed aparecen. La vigencia de las citadas condiciones ir\u00e1 en funci\u00f3n de su exposici\u00f3n y estar\u00e1n vigentes hasta que sean modificadas por otras debidamente publicadas.<\/p>\n<p>Las condiciones y t\u00e9rminos que se recogen en el presente Aviso Legal pueden variar, por lo que le invitamos a que revise estos t\u00e9rminos cuando visite de nuevo el Sitio Web.<\/p>\n<ol start=\"10\">\n<li><strong>LEGISLACI\u00d3N APLICABLE Y JURISDICCI\u00d3N<\/strong><\/li>\n<\/ol>\n<p>La empresa Titular puede ejercer acciones legales de car\u00e1cter civil o penal contra cualquier persona que realice un uso indebido del Sitio Web.<\/p>\n<p>En caso de disputa o conflicto, as\u00ed como cualquier cuesti\u00f3n relacionada con los servicios ambas partes se someter\u00e1n a los jueces y tribunales de Palma de Mallorca.<\/p>\n","protected":false},"excerpt":{"rendered":"<p>La empresa Titular del sitio Web es EXPLOTACI\u00d3N HOTELERA CALA MILLOR, S.L. \u00a0con CIF B07676836 y con domicilio en Carretera de Sineu s\/n, 07300 Inca, Baleares. \u00a0 Datos de inscripci\u00f3n&#8230;<\/p>\n","protected":false},"author":1,"featured_media":0,"parent":0,"menu_order":0,"comment_status":"closed","ping_status":"closed","template":"","meta":{"footnotes":""},"class_list":["post-817","page","type-page","status-publish"],"aioseo_notices":[],"_links":{"self":[{"href":"https:\/\/savinyadesconvent.com\/de\/wp-json\/wp\/v2\/pages\/817","targetHints":{"allow":["GET"]}}],"collection":[{"href":"https:\/\/savinyadesconvent.com\/de\/wp-json\/wp\/v2\/pages"}],"about":[{"href":"https:\/\/savinyadesconvent.com\/de\/wp-json\/wp\/v2\/types\/page"}],"author":[{"embeddable":true,"href":"https:\/\/savinyadesconvent.com\/de\/wp-json\/wp\/v2\/users\/1"}],"replies":[{"embeddable":true,"href":"https:\/\/savinyadesconvent.com\/de\/wp-json\/wp\/v2\/comments?post=817"}],"version-history":[{"count":1,"href":"https:\/\/savinyadesconvent.com\/de\/wp-json\/wp\/v2\/pages\/817\/revisions"}],"predecessor-version":[{"id":988,"href":"https:\/\/savinyadesconvent.com\/de\/wp-json\/wp\/v2\/pages\/817\/revisions\/988"}],"wp:attachment":[{"href":"https:\/\/savinyadesconvent.com\/de\/wp-json\/wp\/v2\/media?parent=817"}],"curies":[{"name":"wp","href":"https:\/\/api.w.org\/{rel}","templated":true}]}}